{"id":42,"date":"2023-09-27T06:29:01","date_gmt":"2023-09-27T06:29:01","guid":{"rendered":"https:\/\/tienda.j2f.es\/?post_type=product&#038;p=42"},"modified":"2023-09-27T06:35:25","modified_gmt":"2023-09-27T06:35:25","slug":"bolsas-de-vacio","status":"publish","type":"product","link":"https:\/\/tienda.j2f.es\/?product=bolsas-de-vacio","title":{"rendered":"BOLSAS DE VAC\u00cdO PAQUETE 100"},"content":{"rendered":"<p>De varios micrajes, de cocci\u00f3n, de PA\/PP, gofradas, metalizadas, impresas\u2026 No hay duda, en Va y Ve somos l\u00edderes en el envasado al vac\u00edo. Nuestro amplio stock y nuestro asesoramiento t\u00e9cnico hacen que las m\u00e1s importantes industrias c\u00e1rnicas as\u00ed como muchos distribuidores conf\u00eden en nosotros.<\/p>\n","protected":false},"excerpt":{"rendered":"<p>De varios micrajes, de cocci\u00f3n, de PA\/PP, gofradas, metalizadas, impresas\u2026 No hay duda, en Va y Ve somos l\u00edderes en el envasado al vac\u00edo. Nuestro amplio stock y nuestro asesoramiento t\u00e9cnico hacen que las m\u00e1s importantes industrias c\u00e1rnicas as\u00ed como muchos distribuidores conf\u00eden en nosotros.<\/p>\n","protected":false},"featured_media":43,"comment_status":"open","ping_status":"closed","template":"","meta":[],"product_cat":[17],"product_tag":[],"class_list":{"0":"post-42","1":"product","2":"type-product","3":"status-publish","4":"has-post-thumbnail","6":"product_cat-bolsas","8":"first","9":"instock","10":"sale","11":"taxable","12":"shipping-taxable","13":"purchasable","14":"product-type-simple"},"yoast_head":"<!-- This site is optimized with the Yoast SEO plugin v21.2 - https:\/\/yoast.com\/wordpress\/plugins\/seo\/ -->\n<title>BOLSAS DE VAC\u00cdO PAQUETE 100 - Comercial J2F<\/title>\n<meta name=\"robots\" content=\"index, follow, max-snippet:-1, max-image-preview:large, max-video-preview:-1\" \/>\n<link rel=\"canonical\" href=\"https:\/\/tienda.j2f.es\/?product=bolsas-de-vacio\" \/>\n<meta property=\"og:locale\" content=\"es_ES\" \/>\n<meta property=\"og:type\" content=\"article\" \/>\n<meta property=\"og:title\" content=\"BOLSAS DE VAC\u00cdO PAQUETE 100 - Comercial J2F\" \/>\n<meta property=\"og:description\" content=\"De varios micrajes, de cocci\u00f3n, de PA\/PP, gofradas, metalizadas, impresas\u2026 No hay duda, en Va y Ve somos l\u00edderes en el envasado al vac\u00edo. Nuestro amplio stock y nuestro asesoramiento t\u00e9cnico hacen que las m\u00e1s importantes industrias c\u00e1rnicas as\u00ed como muchos distribuidores conf\u00eden en nosotros.\" \/>\n<meta property=\"og:url\" content=\"https:\/\/tienda.j2f.es\/?product=bolsas-de-vacio\" \/>\n<meta property=\"og:site_name\" content=\"Comercial J2F\" \/>\n<meta property=\"article:modified_time\" content=\"2023-09-27T06:35:25+00:00\" \/>\n<meta property=\"og:image\" content=\"https:\/\/tienda.j2f.es\/wp-content\/uploads\/2023\/09\/bolsa-vacio-80-micra-300x300-1.png\" \/>\n\t<meta property=\"og:image:width\" content=\"300\" \/>\n\t<meta property=\"og:image:height\" content=\"300\" \/>\n\t<meta property=\"og:image:type\" content=\"image\/png\" \/>\n<meta name=\"twitter:card\" content=\"summary_large_image\" \/>\n<script type=\"application\/ld+json\" class=\"yoast-schema-graph\">{\"@context\":\"https:\/\/schema.org\",\"@graph\":[{\"@type\":\"WebPage\",\"@id\":\"https:\/\/tienda.j2f.es\/?product=bolsas-de-vacio\",\"url\":\"https:\/\/tienda.j2f.es\/?product=bolsas-de-vacio\",\"name\":\"BOLSAS DE VAC\u00cdO PAQUETE 100 - Comercial J2F\",\"isPartOf\":{\"@id\":\"https:\/\/tienda.j2f.es\/#website\"},\"datePublished\":\"2023-09-27T06:29:01+00:00\",\"dateModified\":\"2023-09-27T06:35:25+00:00\",\"breadcrumb\":{\"@id\":\"https:\/\/tienda.j2f.es\/?product=bolsas-de-vacio#breadcrumb\"},\"inLanguage\":\"es\",\"potentialAction\":[{\"@type\":\"ReadAction\",\"target\":[\"https:\/\/tienda.j2f.es\/?product=bolsas-de-vacio\"]}]},{\"@type\":\"BreadcrumbList\",\"@id\":\"https:\/\/tienda.j2f.es\/?product=bolsas-de-vacio#breadcrumb\",\"itemListElement\":[{\"@type\":\"ListItem\",\"position\":1,\"name\":\"Portada\",\"item\":\"https:\/\/tienda.j2f.es\/\"},{\"@type\":\"ListItem\",\"position\":2,\"name\":\"Shop\",\"item\":\"https:\/\/tienda.j2f.es\/\"},{\"@type\":\"ListItem\",\"position\":3,\"name\":\"BOLSAS DE VAC\u00cdO PAQUETE 100\"}]},{\"@type\":\"WebSite\",\"@id\":\"https:\/\/tienda.j2f.es\/#website\",\"url\":\"https:\/\/tienda.j2f.es\/\",\"name\":\"Comercial J2F\",\"description\":\"\",\"potentialAction\":[{\"@type\":\"SearchAction\",\"target\":{\"@type\":\"EntryPoint\",\"urlTemplate\":\"https:\/\/tienda.j2f.es\/?s={search_term_string}\"},\"query-input\":\"required name=search_term_string\"}],\"inLanguage\":\"es\"}]}<\/script>\n<!-- \/ Yoast SEO plugin. -->","yoast_head_json":{"title":"BOLSAS DE VAC\u00cdO PAQUETE 100 - Comercial J2F","robots":{"index":"index","follow":"follow","max-snippet":"max-snippet:-1","max-image-preview":"max-image-preview:large","max-video-preview":"max-video-preview:-1"},"canonical":"https:\/\/tienda.j2f.es\/?product=bolsas-de-vacio","og_locale":"es_ES","og_type":"article","og_title":"BOLSAS DE VAC\u00cdO PAQUETE 100 - Comercial J2F","og_description":"De varios micrajes, de cocci\u00f3n, de PA\/PP, gofradas, metalizadas, impresas\u2026 No hay duda, en Va y Ve somos l\u00edderes en el envasado al vac\u00edo. Nuestro amplio stock y nuestro asesoramiento t\u00e9cnico hacen que las m\u00e1s importantes industrias c\u00e1rnicas as\u00ed como muchos distribuidores conf\u00eden en nosotros.","og_url":"https:\/\/tienda.j2f.es\/?product=bolsas-de-vacio","og_site_name":"Comercial J2F","article_modified_time":"2023-09-27T06:35:25+00:00","og_image":[{"width":300,"height":300,"url":"https:\/\/tienda.j2f.es\/wp-content\/uploads\/2023\/09\/bolsa-vacio-80-micra-300x300-1.png","type":"image\/png"}],"twitter_card":"summary_large_image","schema":{"@context":"https:\/\/schema.org","@graph":[{"@type":"WebPage","@id":"https:\/\/tienda.j2f.es\/?product=bolsas-de-vacio","url":"https:\/\/tienda.j2f.es\/?product=bolsas-de-vacio","name":"BOLSAS DE VAC\u00cdO PAQUETE 100 - Comercial J2F","isPartOf":{"@id":"https:\/\/tienda.j2f.es\/#website"},"datePublished":"2023-09-27T06:29:01+00:00","dateModified":"2023-09-27T06:35:25+00:00","breadcrumb":{"@id":"https:\/\/tienda.j2f.es\/?product=bolsas-de-vacio#breadcrumb"},"inLanguage":"es","potentialAction":[{"@type":"ReadAction","target":["https:\/\/tienda.j2f.es\/?product=bolsas-de-vacio"]}]},{"@type":"BreadcrumbList","@id":"https:\/\/tienda.j2f.es\/?product=bolsas-de-vacio#breadcrumb","itemListElement":[{"@type":"ListItem","position":1,"name":"Portada","item":"https:\/\/tienda.j2f.es\/"},{"@type":"ListItem","position":2,"name":"Shop","item":"https:\/\/tienda.j2f.es\/"},{"@type":"ListItem","position":3,"name":"BOLSAS DE VAC\u00cdO PAQUETE 100"}]},{"@type":"WebSite","@id":"https:\/\/tienda.j2f.es\/#website","url":"https:\/\/tienda.j2f.es\/","name":"Comercial J2F","description":"","potentialAction":[{"@type":"SearchAction","target":{"@type":"EntryPoint","urlTemplate":"https:\/\/tienda.j2f.es\/?s={search_term_string}"},"query-input":"required name=search_term_string"}],"inLanguage":"es"}]}},"_links":{"self":[{"href":"https:\/\/tienda.j2f.es\/index.php?rest_route=\/wp\/v2\/product\/42","targetHints":{"allow":["GET"]}}],"collection":[{"href":"https:\/\/tienda.j2f.es\/index.php?rest_route=\/wp\/v2\/product"}],"about":[{"href":"https:\/\/tienda.j2f.es\/index.php?rest_route=\/wp\/v2\/types\/product"}],"replies":[{"embeddable":true,"href":"https:\/\/tienda.j2f.es\/index.php?rest_route=%2Fwp%2Fv2%2Fcomments&post=42"}],"wp:featuredmedia":[{"embeddable":true,"href":"https:\/\/tienda.j2f.es\/index.php?rest_route=\/wp\/v2\/media\/43"}],"wp:attachment":[{"href":"https:\/\/tienda.j2f.es\/index.php?rest_route=%2Fwp%2Fv2%2Fmedia&parent=42"}],"wp:term":[{"taxonomy":"product_cat","embeddable":true,"href":"https:\/\/tienda.j2f.es\/index.php?rest_route=%2Fwp%2Fv2%2Fproduct_cat&post=42"},{"taxonomy":"product_tag","embeddable":true,"href":"https:\/\/tienda.j2f.es\/index.php?rest_route=%2Fwp%2Fv2%2Fproduct_tag&post=42"}],"curies":[{"name":"wp","href":"https:\/\/api.w.org\/{rel}","templated":true}]}}